{"id":361,"date":"2024-06-22T12:53:55","date_gmt":"2024-06-22T12:53:55","guid":{"rendered":"https:\/\/www.racingfortheclimate.com\/?page_id=361"},"modified":"2026-01-31T16:55:47","modified_gmt":"2026-01-31T16:55:47","slug":"ziele","status":"publish","type":"page","link":"https:\/\/www.racingfortheclimate.com\/index.php\/ziele\/","title":{"rendered":"Ziele"},"content":{"rendered":"\t\t<div data-elementor-type=\"wp-page\" data-elementor-id=\"361\" class=\"elementor elementor-361\" data-elementor-post-type=\"page\">\n\t\t\t\t<div class=\"elementor-element elementor-element-91e92f7 e-flex e-con-boxed e-con e-parent\" data-id=\"91e92f7\" data-element_type=\"container\">\n\t\t\t\t\t<div class=\"e-con-inner\">\n\t\t\t\t<div class=\"elementor-element elementor-element-70393b42 elementor-widget elementor-widget-heading\" data-id=\"70393b42\" data-element_type=\"widget\" data-widget_type=\"heading.default\">\n\t\t\t\t<div class=\"elementor-widget-container\">\n\t\t\t\t\t<h2 class=\"elementor-heading-title elementor-size-default\">Ziele<\/h2>\t\t\t\t<\/div>\n\t\t\t\t<\/div>\n\t\t\t\t\t<\/div>\n\t\t\t\t<\/div>\n\t\t<div class=\"elementor-element elementor-element-b0325da e-flex e-con-boxed e-con e-parent\" data-id=\"b0325da\" data-element_type=\"container\">\n\t\t\t\t\t<div class=\"e-con-inner\">\n\t\t\t\t<div class=\"elementor-element elementor-element-3da8e54f elementor-widget elementor-widget-heading\" data-id=\"3da8e54f\" data-element_type=\"widget\" data-widget_type=\"heading.default\">\n\t\t\t\t<div class=\"elementor-widget-container\">\n\t\t\t\t\t<h2 class=\"elementor-heading-title elementor-size-default\">racing for the climate e.v.<\/h2>\t\t\t\t<\/div>\n\t\t\t\t<\/div>\n\t\t\t\t<div class=\"elementor-element elementor-element-20ba13ef elementor-widget elementor-widget-text-editor\" data-id=\"20ba13ef\" data-element_type=\"widget\" data-widget_type=\"text-editor.default\">\n\t\t\t\t<div class=\"elementor-widget-container\">\n\t\t\t\t\t\t\t\t\t<p>Das Motto unseres Vereins lautet \u201eMotorsport als Vorbild\u201c. Der Motorsport hat in seiner Geschichte immer wieder neue Technologien vorangetrieben und gleichzeitig Millionen von Menschen in seinen Bann gezogen. Die Formel 1 ist eine der popul\u00e4rsten Sportarten der Welt, die weiterw\u00e4chst und auch immer mehr junge Menschen aller Geschlechter begeistert.<\/p><p>Schon heute gibt es im Motorsport viele tolle Initiativen, die Vorbild f\u00fcr nachhaltige Veranstaltungen und Umweltschutz sein k\u00f6nnen \u2013 f\u00fcr unseren Sport, aber auch f\u00fcr andere Bereiche.<\/p><p>Nutzen wir die Faszination des Motorsports, um die besten Ideen zu verbreiten und den einen oder anderen Ansto\u00df zu geben, es besser zu machen.<\/p><p>Ein zentrales Element unserer Kommunikation ist unser #RacingForTheClimate Wiki. Im Wiki kann man alle positiven Entwicklungen im Motorsport weltweit verfolgen.<\/p>\t\t\t\t\t\t\t\t<\/div>\n\t\t\t\t<\/div>\n\t\t\t\t<div class=\"elementor-element elementor-element-0e149f9 elementor-icon-list--layout-traditional elementor-list-item-link-full_width elementor-widget elementor-widget-icon-list\" data-id=\"0e149f9\" data-element_type=\"widget\" data-widget_type=\"icon-list.default\">\n\t\t\t\t<div class=\"elementor-widget-container\">\n\t\t\t\t\t\t\t<ul class=\"elementor-icon-list-items\">\n\t\t\t\t\t\t\t<li class=\"elementor-icon-list-item\">\n\t\t\t\t\t\t\t\t\t\t\t<a href=\"https:\/\/www.racingfortheclimate.com\/index.php\/wiki-racing-for-the-climate-ev\/\">\n\n\t\t\t\t\t\t\t\t\t\t\t\t<span class=\"elementor-icon-list-icon\">\n\t\t\t\t\t\t\t<svg aria-hidden=\"true\" class=\"e-font-icon-svg e-far-arrow-alt-circle-right\" viewBox=\"0 0 512 512\" xmlns=\"http:\/\/www.w3.org\/2000\/svg\"><path d=\"M504 256C504 119 393 8 256 8S8 119 8 256s111 248 248 248 248-111 248-248zm-448 0c0-110.5 89.5-200 200-200s200 89.5 200 200-89.5 200-200 200S56 366.5 56 256zm72 20v-40c0-6.6 5.4-12 12-12h116v-67c0-10.7 12.9-16 20.5-8.5l99 99c4.7 4.7 4.7 12.3 0 17l-99 99c-7.6 7.6-20.5 2.2-20.5-8.5v-67H140c-6.6 0-12-5.4-12-12z\"><\/path><\/svg>\t\t\t\t\t\t<\/span>\n\t\t\t\t\t\t\t\t\t\t<span class=\"elementor-icon-list-text\">#RacingForTheClimate Wiki<\/span>\n\t\t\t\t\t\t\t\t\t\t\t<\/a>\n\t\t\t\t\t\t\t\t\t<\/li>\n\t\t\t\t\t\t<\/ul>\n\t\t\t\t\t\t<\/div>\n\t\t\t\t<\/div>\n\t\t\t\t\t<\/div>\n\t\t\t\t<\/div>\n\t\t<div class=\"elementor-element elementor-element-306c2edb e-flex e-con-boxed e-con e-parent\" data-id=\"306c2edb\" data-element_type=\"container\">\n\t\t\t\t\t<div class=\"e-con-inner\">\n\t\t\t\t<div class=\"elementor-element elementor-element-4bd8610f elementor-widget elementor-widget-heading\" data-id=\"4bd8610f\" data-element_type=\"widget\" data-widget_type=\"heading.default\">\n\t\t\t\t<div class=\"elementor-widget-container\">\n\t\t\t\t\t<h2 class=\"elementor-heading-title elementor-size-default\">Klimaschutz durch Innovation<\/h2>\t\t\t\t<\/div>\n\t\t\t\t<\/div>\n\t\t\t\t<div class=\"elementor-element elementor-element-24a9f407 elementor-widget elementor-widget-text-editor\" data-id=\"24a9f407\" data-element_type=\"widget\" data-widget_type=\"text-editor.default\">\n\t\t\t\t<div class=\"elementor-widget-container\">\n\t\t\t\t\t\t\t\t\t<p>Wir setzen auf die F\u00f6rderung innovativer Ideen, um jeden Einzelnen dazu zu motivieren, seinen CO<sub>2<\/sub>-Fu\u00dfabdruck zu reduzieren. Unser Ziel ist es, dass weiterhin gro\u00dfe Sportereignisse, Konzerte oder Motorsportveranstaltungen besucht werden k\u00f6nnen, w\u00e4hrend gleichzeitig unser \u00f6kologischer Fu\u00dfabdruck minimiert wird.<\/p><p>Wir sind davon \u00fcberzeugt, dass innovative Entwicklungen mittelfristig eine klimafreundliche individuelle Mobilit\u00e4t sicherstellen k\u00f6nnen. Deshalb setzen wir uns daf\u00fcr ein, dass der Motorsport auch in Zukunft als Treiber f\u00fcr fortschrittliche Technologien genutzt wird und wertvolle Impulse geben kann.<\/p><p>Die Elektrifizierung des Antriebs ist eine Option zur Dekarbonisierung. Doch wir sollten auch f\u00fcr jede andere Technologie offen sein, die dazu beitr\u00e4gt, unseren CO<sub>2<\/sub>-Fu\u00dfabdruck zu reduzieren.<\/p><p>Unser \u00fcbergeordnetes Ziel ist es, Veranstaltungen ganzheitlich nachhaltiger zu gestalten und als Vorbild f\u00fcr andere gro\u00dfe Events zu dienen \u2013 sei es durch umweltfreundliche An- und Abreise, reduzierten Ressourcenverbrauch oder Abfallvermeidung.<\/p>\t\t\t\t\t\t\t\t<\/div>\n\t\t\t\t<\/div>\n\t\t\t\t\t<\/div>\n\t\t\t\t<\/div>\n\t\t<div class=\"elementor-element elementor-element-c22a178 e-flex e-con-boxed e-con e-parent\" data-id=\"c22a178\" data-element_type=\"container\">\n\t\t\t\t\t<div class=\"e-con-inner\">\n\t\t\t\t<div class=\"elementor-element elementor-element-005354d elementor-widget elementor-widget-image\" data-id=\"005354d\" data-element_type=\"widget\" data-widget_type=\"image.default\">\n\t\t\t\t<div class=\"elementor-widget-container\">\n\t\t\t\t\t\t\t\t\t\t\t\t\t\t\t<img decoding=\"async\" width=\"470\" height=\"67\" src=\"https:\/\/www.racingfortheclimate.com\/wp-content\/uploads\/2024\/01\/racingfortheclimate_neg.webp\" class=\"attachment-large size-large wp-image-55\" alt=\"\" \/>\t\t\t\t\t\t\t\t\t\t\t\t\t\t\t<\/div>\n\t\t\t\t<\/div>\n\t\t\t\t<div class=\"elementor-element elementor-element-739606d elementor-widget elementor-widget-heading\" data-id=\"739606d\" data-element_type=\"widget\" data-widget_type=\"heading.default\">\n\t\t\t\t<div class=\"elementor-widget-container\">\n\t\t\t\t\t<h2 class=\"elementor-heading-title elementor-size-default\">Wir setzen auf die F\u00f6rderung innovativer Ideen, um jeden Einzelnen dazu zu motivieren, seinen CO2-Fu\u00dfabdruck zu reduzieren.<\/h2>\t\t\t\t<\/div>\n\t\t\t\t<\/div>\n\t\t\t\t\t<\/div>\n\t\t\t\t<\/div>\n\t\t<div class=\"elementor-element elementor-element-0d10d8a e-flex e-con-boxed e-con e-parent\" data-id=\"0d10d8a\" data-element_type=\"container\">\n\t\t\t\t\t<div class=\"e-con-inner\">\n\t\t\t\t<div class=\"elementor-element elementor-element-a0eef67 elementor-widget elementor-widget-heading\" data-id=\"a0eef67\" data-element_type=\"widget\" data-widget_type=\"heading.default\">\n\t\t\t\t<div class=\"elementor-widget-container\">\n\t\t\t\t\t<h2 class=\"elementor-heading-title elementor-size-default\">Sim Racing f\u00fcr Einsteiger<\/h2>\t\t\t\t<\/div>\n\t\t\t\t<\/div>\n\t\t\t\t<div class=\"elementor-element elementor-element-aeb1ced elementor-widget elementor-widget-text-editor\" data-id=\"aeb1ced\" data-element_type=\"widget\" data-widget_type=\"text-editor.default\">\n\t\t\t\t<div class=\"elementor-widget-container\">\n\t\t\t\t\t\t\t\t\t<p>#RacingForTheClimate setzt sich f\u00fcr Sim Racing als alternativen Einstieg in den Motorsport ein. Viele Jugendliche und Motorsport-Interessierte k\u00f6nnen sich den Kartsport oder die Nachwuchsklassen im Motorradrennsport nicht leisten. Sim Racing ist eine kosteng\u00fcnstige und umweltfreundliche Alternative. Wir freuen uns, dass Sim Racing in Deutschland wie andere Sportarten ab 01.01.2026 als gemeinn\u00fctzig und f\u00f6rderungsw\u00fcrdig eingestuft wird.<\/p>\t\t\t\t\t\t\t\t<\/div>\n\t\t\t\t<\/div>\n\t\t\t\t\t<\/div>\n\t\t\t\t<\/div>\n\t\t<div class=\"elementor-element elementor-element-cdfc966 e-flex e-con-boxed e-con e-parent\" data-id=\"cdfc966\" data-element_type=\"container\">\n\t\t\t\t\t<div class=\"e-con-inner\">\n\t\t\t\t<div class=\"elementor-element elementor-element-b72fb56 elementor-widget elementor-widget-heading\" data-id=\"b72fb56\" data-element_type=\"widget\" data-widget_type=\"heading.default\">\n\t\t\t\t<div class=\"elementor-widget-container\">\n\t\t\t\t\t<h2 class=\"elementor-heading-title elementor-size-default\">RCCO: #DrivingTheFuture<\/h2>\t\t\t\t<\/div>\n\t\t\t\t<\/div>\n\t\t\t\t<div class=\"elementor-element elementor-element-3ebf632 elementor-widget elementor-widget-text-editor\" data-id=\"3ebf632\" data-element_type=\"widget\" data-widget_type=\"text-editor.default\">\n\t\t\t\t<div class=\"elementor-widget-container\">\n\t\t\t\t\t\t\t\t\t<p style=\"font-weight: 400;\">Teil unseres gemeinn\u00fctzigen Vereins ist die RCCO, die seit 1991 f\u00fcr elektrischen Motorsport im Miniaturformat steht und unter dem Motto #DrivingTheFuture technische Innovationen erlebbar macht \u2013 im Sim Racing, im Slot Racing und in der realen Welt. Die RCCO will spielerisch zeigen, dass emissionsarmer Motorsport jede Menge Spa\u00df machen kann. Im Mittelpunkt steht derzeit unsere Sim-Racing-Serie RCCO World eX mit dem eigenen Elektro-Rennwagen eX ZERO und einem aktiven Beitrag zum Umweltschutz: F\u00fcr jede Rennteilnahme pflanzen wir einen Baum.<\/p>\t\t\t\t\t\t\t\t<\/div>\n\t\t\t\t<\/div>\n\t\t\t\t\t<\/div>\n\t\t\t\t<\/div>\n\t\t<div class=\"elementor-element elementor-element-7f8dab7 e-flex e-con-boxed e-con e-parent\" data-id=\"7f8dab7\" data-element_type=\"container\">\n\t\t\t\t\t<div class=\"e-con-inner\">\n\t\t\t\t<div class=\"elementor-element elementor-element-ed3b731 elementor-widget elementor-widget-heading\" data-id=\"ed3b731\" data-element_type=\"widget\" data-widget_type=\"heading.default\">\n\t\t\t\t<div class=\"elementor-widget-container\">\n\t\t\t\t\t<h2 class=\"elementor-heading-title elementor-size-default\">\u00dcber uns<\/h2>\t\t\t\t<\/div>\n\t\t\t\t<\/div>\n\t\t\t\t<div class=\"elementor-element elementor-element-367c7cd elementor-widget elementor-widget-text-editor\" data-id=\"367c7cd\" data-element_type=\"widget\" data-widget_type=\"text-editor.default\">\n\t\t\t\t<div class=\"elementor-widget-container\">\n\t\t\t\t\t\t\t\t\t<p style=\"font-weight: 400;\">Der Racing For The Climate e.V. wurde von einer Gruppe motorsportbegeisterter Menschen gegr\u00fcndet, die vom Motorsport leben oder deren Herz f\u00fcr den Motorsport und den Klimaschutz schl\u00e4gt. Der Verein hat seinen Sitz in Dresden, ist aber dezentral organisiert.<\/p>\t\t\t\t\t\t\t\t<\/div>\n\t\t\t\t<\/div>\n\t\t\t\t\t<\/div>\n\t\t\t\t<\/div>\n\t\t\t\t<\/div>\n\t\t","protected":false},"excerpt":{"rendered":"<p>Ziele racing for the climate e.v. Das Motto unseres Vereins lautet \u201eMotorsport als Vorbild\u201c. Der Motorsport hat in seiner Geschichte immer wieder neue Technologien vorangetrieben und gleichzeitig Millionen von Menschen in seinen Bann gezogen. Die Formel 1 ist eine der popul\u00e4rsten Sportarten der Welt, die weiterw\u00e4chst und auch immer mehr junge Menschen aller Geschlechter begeistert. [&hellip;]<\/p>\n","protected":false},"author":1,"featured_media":1183,"parent":0,"menu_order":0,"comment_status":"closed","ping_status":"closed","template":"elementor_theme","meta":{"_acf_changed":false,"_crdt_document":"","footnotes":""},"class_list":["post-361","page","type-page","status-publish","has-post-thumbnail","hentry"],"acf":[],"yoast_head":"<!-- This site is optimized with the Yoast SEO plugin v26.8 - https:\/\/yoast.com\/product\/yoast-seo-wordpress\/ -->\n<title>Ziele | Racing For The Climate e.V.<\/title>\n<meta name=\"description\" content=\"Unser Motto lautet \u201eMotorsport als Vorbild\u201c. Und wir setzen uns daf\u00fcr ein, dass Sim Racing als f\u00f6rderungsw\u00fcrdig eingestuft wird.\" \/>\n<meta name=\"robots\" content=\"index, follow, max-snippet:-1, max-image-preview:large, max-video-preview:-1\" \/>\n<link rel=\"canonical\" href=\"https:\/\/www.racingfortheclimate.com\/index.php\/ziele\/\" \/>\n<meta property=\"og:locale\" content=\"de_DE\" \/>\n<meta property=\"og:type\" content=\"article\" \/>\n<meta property=\"og:title\" content=\"Ziele | Racing For The Climate e.V.\" \/>\n<meta property=\"og:description\" content=\"Unser Motto lautet \u201eMotorsport als Vorbild\u201c. Und wir setzen uns daf\u00fcr ein, dass Sim Racing als f\u00f6rderungsw\u00fcrdig eingestuft wird.\" \/>\n<meta property=\"og:url\" content=\"https:\/\/www.racingfortheclimate.com\/index.php\/ziele\/\" \/>\n<meta property=\"og:site_name\" content=\"Racing For The Climate e.V.\" \/>\n<meta property=\"article:publisher\" content=\"https:\/\/www.linkedin.com\/company\/racing-for-the-climate\/\" \/>\n<meta property=\"article:modified_time\" content=\"2026-01-31T16:55:47+00:00\" \/>\n<meta property=\"og:image\" content=\"https:\/\/www.racingfortheclimate.com\/wp-content\/uploads\/2025\/05\/IMG_5172.jpg\" \/>\n\t<meta property=\"og:image:width\" content=\"1920\" \/>\n\t<meta property=\"og:image:height\" content=\"1080\" \/>\n\t<meta property=\"og:image:type\" content=\"image\/jpeg\" \/>\n<meta name=\"twitter:card\" content=\"summary_large_image\" \/>\n<meta name=\"twitter:label1\" content=\"Gesch\u00e4tzte Lesezeit\" \/>\n\t<meta name=\"twitter:data1\" content=\"3\u00a0Minuten\" \/>\n<script type=\"application\/ld+json\" class=\"yoast-schema-graph\">{\"@context\":\"https:\/\/schema.org\",\"@graph\":[{\"@type\":\"WebPage\",\"@id\":\"https:\/\/www.racingfortheclimate.com\/index.php\/ziele\/\",\"url\":\"https:\/\/www.racingfortheclimate.com\/index.php\/ziele\/\",\"name\":\"Ziele | Racing For The Climate e.V.\",\"isPartOf\":{\"@id\":\"https:\/\/www.racingfortheclimate.com\/#website\"},\"primaryImageOfPage\":{\"@id\":\"https:\/\/www.racingfortheclimate.com\/index.php\/ziele\/#primaryimage\"},\"image\":{\"@id\":\"https:\/\/www.racingfortheclimate.com\/index.php\/ziele\/#primaryimage\"},\"thumbnailUrl\":\"https:\/\/www.racingfortheclimate.com\/wp-content\/uploads\/2025\/05\/IMG_5172.webp\",\"datePublished\":\"2024-06-22T12:53:55+00:00\",\"dateModified\":\"2026-01-31T16:55:47+00:00\",\"description\":\"Unser Motto lautet \u201eMotorsport als Vorbild\u201c. Und wir setzen uns daf\u00fcr ein, dass Sim Racing als f\u00f6rderungsw\u00fcrdig eingestuft wird.\",\"breadcrumb\":{\"@id\":\"https:\/\/www.racingfortheclimate.com\/index.php\/ziele\/#breadcrumb\"},\"inLanguage\":\"de\",\"potentialAction\":[{\"@type\":\"ReadAction\",\"target\":[\"https:\/\/www.racingfortheclimate.com\/index.php\/ziele\/\"]}]},{\"@type\":\"ImageObject\",\"inLanguage\":\"de\",\"@id\":\"https:\/\/www.racingfortheclimate.com\/index.php\/ziele\/#primaryimage\",\"url\":\"https:\/\/www.racingfortheclimate.com\/wp-content\/uploads\/2025\/05\/IMG_5172.webp\",\"contentUrl\":\"https:\/\/www.racingfortheclimate.com\/wp-content\/uploads\/2025\/05\/IMG_5172.webp\",\"width\":1920,\"height\":1080},{\"@type\":\"BreadcrumbList\",\"@id\":\"https:\/\/www.racingfortheclimate.com\/index.php\/ziele\/#breadcrumb\",\"itemListElement\":[{\"@type\":\"ListItem\",\"position\":1,\"name\":\"Startseite\",\"item\":\"https:\/\/www.racingfortheclimate.com\/\"},{\"@type\":\"ListItem\",\"position\":2,\"name\":\"Ziele\"}]},{\"@type\":\"WebSite\",\"@id\":\"https:\/\/www.racingfortheclimate.com\/#website\",\"url\":\"https:\/\/www.racingfortheclimate.com\/\",\"name\":\"Racing For The Climate e.V.\",\"description\":\"Motorsport als Vorbild\",\"publisher\":{\"@id\":\"https:\/\/www.racingfortheclimate.com\/#organization\"},\"potentialAction\":[{\"@type\":\"SearchAction\",\"target\":{\"@type\":\"EntryPoint\",\"urlTemplate\":\"https:\/\/www.racingfortheclimate.com\/?s={search_term_string}\"},\"query-input\":{\"@type\":\"PropertyValueSpecification\",\"valueRequired\":true,\"valueName\":\"search_term_string\"}}],\"inLanguage\":\"de\"},{\"@type\":\"Organization\",\"@id\":\"https:\/\/www.racingfortheclimate.com\/#organization\",\"name\":\"Racing For The Climate e.V.\",\"url\":\"https:\/\/www.racingfortheclimate.com\/\",\"logo\":{\"@type\":\"ImageObject\",\"inLanguage\":\"de\",\"@id\":\"https:\/\/www.racingfortheclimate.com\/#\/schema\/logo\/image\/\",\"url\":\"https:\/\/www.racingfortheclimate.com\/wp-content\/uploads\/2024\/01\/racingfortheclimate_neg.webp\",\"contentUrl\":\"https:\/\/www.racingfortheclimate.com\/wp-content\/uploads\/2024\/01\/racingfortheclimate_neg.webp\",\"width\":470,\"height\":67,\"caption\":\"Racing For The Climate e.V.\"},\"image\":{\"@id\":\"https:\/\/www.racingfortheclimate.com\/#\/schema\/logo\/image\/\"},\"sameAs\":[\"https:\/\/www.linkedin.com\/company\/racing-for-the-climate\/\"]}]}<\/script>\n<!-- \/ Yoast SEO plugin. -->","yoast_head_json":{"title":"Ziele | Racing For The Climate e.V.","description":"Unser Motto lautet \u201eMotorsport als Vorbild\u201c. Und wir setzen uns daf\u00fcr ein, dass Sim Racing als f\u00f6rderungsw\u00fcrdig eingestuft wird.","robots":{"index":"index","follow":"follow","max-snippet":"max-snippet:-1","max-image-preview":"max-image-preview:large","max-video-preview":"max-video-preview:-1"},"canonical":"https:\/\/www.racingfortheclimate.com\/index.php\/ziele\/","og_locale":"de_DE","og_type":"article","og_title":"Ziele | Racing For The Climate e.V.","og_description":"Unser Motto lautet \u201eMotorsport als Vorbild\u201c. Und wir setzen uns daf\u00fcr ein, dass Sim Racing als f\u00f6rderungsw\u00fcrdig eingestuft wird.","og_url":"https:\/\/www.racingfortheclimate.com\/index.php\/ziele\/","og_site_name":"Racing For The Climate e.V.","article_publisher":"https:\/\/www.linkedin.com\/company\/racing-for-the-climate\/","article_modified_time":"2026-01-31T16:55:47+00:00","og_image":[{"width":1920,"height":1080,"url":"https:\/\/www.racingfortheclimate.com\/wp-content\/uploads\/2025\/05\/IMG_5172.jpg","type":"image\/jpeg"}],"twitter_card":"summary_large_image","twitter_misc":{"Gesch\u00e4tzte Lesezeit":"3\u00a0Minuten"},"schema":{"@context":"https:\/\/schema.org","@graph":[{"@type":"WebPage","@id":"https:\/\/www.racingfortheclimate.com\/index.php\/ziele\/","url":"https:\/\/www.racingfortheclimate.com\/index.php\/ziele\/","name":"Ziele | Racing For The Climate e.V.","isPartOf":{"@id":"https:\/\/www.racingfortheclimate.com\/#website"},"primaryImageOfPage":{"@id":"https:\/\/www.racingfortheclimate.com\/index.php\/ziele\/#primaryimage"},"image":{"@id":"https:\/\/www.racingfortheclimate.com\/index.php\/ziele\/#primaryimage"},"thumbnailUrl":"https:\/\/www.racingfortheclimate.com\/wp-content\/uploads\/2025\/05\/IMG_5172.webp","datePublished":"2024-06-22T12:53:55+00:00","dateModified":"2026-01-31T16:55:47+00:00","description":"Unser Motto lautet \u201eMotorsport als Vorbild\u201c. Und wir setzen uns daf\u00fcr ein, dass Sim Racing als f\u00f6rderungsw\u00fcrdig eingestuft wird.","breadcrumb":{"@id":"https:\/\/www.racingfortheclimate.com\/index.php\/ziele\/#breadcrumb"},"inLanguage":"de","potentialAction":[{"@type":"ReadAction","target":["https:\/\/www.racingfortheclimate.com\/index.php\/ziele\/"]}]},{"@type":"ImageObject","inLanguage":"de","@id":"https:\/\/www.racingfortheclimate.com\/index.php\/ziele\/#primaryimage","url":"https:\/\/www.racingfortheclimate.com\/wp-content\/uploads\/2025\/05\/IMG_5172.webp","contentUrl":"https:\/\/www.racingfortheclimate.com\/wp-content\/uploads\/2025\/05\/IMG_5172.webp","width":1920,"height":1080},{"@type":"BreadcrumbList","@id":"https:\/\/www.racingfortheclimate.com\/index.php\/ziele\/#breadcrumb","itemListElement":[{"@type":"ListItem","position":1,"name":"Startseite","item":"https:\/\/www.racingfortheclimate.com\/"},{"@type":"ListItem","position":2,"name":"Ziele"}]},{"@type":"WebSite","@id":"https:\/\/www.racingfortheclimate.com\/#website","url":"https:\/\/www.racingfortheclimate.com\/","name":"Racing For The Climate e.V.","description":"Motorsport als Vorbild","publisher":{"@id":"https:\/\/www.racingfortheclimate.com\/#organization"},"potentialAction":[{"@type":"SearchAction","target":{"@type":"EntryPoint","urlTemplate":"https:\/\/www.racingfortheclimate.com\/?s={search_term_string}"},"query-input":{"@type":"PropertyValueSpecification","valueRequired":true,"valueName":"search_term_string"}}],"inLanguage":"de"},{"@type":"Organization","@id":"https:\/\/www.racingfortheclimate.com\/#organization","name":"Racing For The Climate e.V.","url":"https:\/\/www.racingfortheclimate.com\/","logo":{"@type":"ImageObject","inLanguage":"de","@id":"https:\/\/www.racingfortheclimate.com\/#\/schema\/logo\/image\/","url":"https:\/\/www.racingfortheclimate.com\/wp-content\/uploads\/2024\/01\/racingfortheclimate_neg.webp","contentUrl":"https:\/\/www.racingfortheclimate.com\/wp-content\/uploads\/2024\/01\/racingfortheclimate_neg.webp","width":470,"height":67,"caption":"Racing For The Climate e.V."},"image":{"@id":"https:\/\/www.racingfortheclimate.com\/#\/schema\/logo\/image\/"},"sameAs":["https:\/\/www.linkedin.com\/company\/racing-for-the-climate\/"]}]}},"_links":{"self":[{"href":"https:\/\/www.racingfortheclimate.com\/index.php\/wp-json\/wp\/v2\/pages\/361","targetHints":{"allow":["GET"]}}],"collection":[{"href":"https:\/\/www.racingfortheclimate.com\/index.php\/wp-json\/wp\/v2\/pages"}],"about":[{"href":"https:\/\/www.racingfortheclimate.com\/index.php\/wp-json\/wp\/v2\/types\/page"}],"author":[{"embeddable":true,"href":"https:\/\/www.racingfortheclimate.com\/index.php\/wp-json\/wp\/v2\/users\/1"}],"replies":[{"embeddable":true,"href":"https:\/\/www.racingfortheclimate.com\/index.php\/wp-json\/wp\/v2\/comments?post=361"}],"version-history":[{"count":58,"href":"https:\/\/www.racingfortheclimate.com\/index.php\/wp-json\/wp\/v2\/pages\/361\/revisions"}],"predecessor-version":[{"id":1407,"href":"https:\/\/www.racingfortheclimate.com\/index.php\/wp-json\/wp\/v2\/pages\/361\/revisions\/1407"}],"wp:featuredmedia":[{"embeddable":true,"href":"https:\/\/www.racingfortheclimate.com\/index.php\/wp-json\/wp\/v2\/media\/1183"}],"wp:attachment":[{"href":"https:\/\/www.racingfortheclimate.com\/index.php\/wp-json\/wp\/v2\/media?parent=361"}],"curies":[{"name":"wp","href":"https:\/\/api.w.org\/{rel}","templated":true}]}}