{"id":369,"date":"2024-06-22T12:59:44","date_gmt":"2024-06-22T12:59:44","guid":{"rendered":"https:\/\/www.racingfortheclimate.com\/?page_id=369"},"modified":"2026-01-31T17:00:25","modified_gmt":"2026-01-31T17:00:25","slug":"rcco","status":"publish","type":"page","link":"https:\/\/www.racingfortheclimate.com\/index.php\/rcco\/","title":{"rendered":"RCCO"},"content":{"rendered":"\t\t<div data-elementor-type=\"wp-page\" data-elementor-id=\"369\" class=\"elementor elementor-369\" data-elementor-post-type=\"page\">\n\t\t\t\t<div class=\"elementor-element elementor-element-56fcc349 e-flex e-con-boxed e-con e-parent\" data-id=\"56fcc349\" data-element_type=\"container\">\n\t\t\t\t\t<div class=\"e-con-inner\">\n\t\t\t\t<div class=\"elementor-element elementor-element-58e7b696 elementor-widget elementor-widget-heading\" data-id=\"58e7b696\" data-element_type=\"widget\" data-widget_type=\"heading.default\">\n\t\t\t\t<div class=\"elementor-widget-container\">\n\t\t\t\t\t<h2 class=\"elementor-heading-title elementor-size-default\">RCCO<\/h2>\t\t\t\t<\/div>\n\t\t\t\t<\/div>\n\t\t\t\t\t<\/div>\n\t\t\t\t<\/div>\n\t\t<div class=\"elementor-element elementor-element-50c95c9c e-flex e-con-boxed e-con e-parent\" data-id=\"50c95c9c\" data-element_type=\"container\">\n\t\t\t\t\t<div class=\"e-con-inner\">\n\t\t\t\t<div class=\"elementor-element elementor-element-790f3981 elementor-widget elementor-widget-heading\" data-id=\"790f3981\" data-element_type=\"widget\" data-widget_type=\"heading.default\">\n\t\t\t\t<div class=\"elementor-widget-container\">\n\t\t\t\t\t<h2 class=\"elementor-heading-title elementor-size-default\">#DrivingTheFuture<\/h2>\t\t\t\t<\/div>\n\t\t\t\t<\/div>\n\t\t\t\t<div class=\"elementor-element elementor-element-4567a52c elementor-widget elementor-widget-text-editor\" data-id=\"4567a52c\" data-element_type=\"widget\" data-widget_type=\"text-editor.default\">\n\t\t\t\t<div class=\"elementor-widget-container\">\n\t\t\t\t\t\t\t\t\t<p>Teil unseres gemeinn\u00fctzigen Vereins ist die RCCO, die seit 1991 f\u00fcr elektrischen Motorsport im Miniaturformat steht und unter dem Motto #DrivingTheFuture technische Innovationen erlebbar macht \u2013 im Sim Racing, im Slot Racing und in der realen Welt. Die RCCO will spielerisch zeigen, dass emissionsarmer Motorsport jede Menge Spa\u00df machen kann.\u00a0<\/p><p>Im Mittelpunkt steht derzeit unsere Sim-Racing-Serie RCCO World eX mit dem eigenen Elektro-Rennwagen eX ZERO und einem aktiven Beitrag zum Umweltschutz: F\u00fcr jede Rennteilnahme pflanzen wir einen Baum.<\/p>\t\t\t\t\t\t\t\t<\/div>\n\t\t\t\t<\/div>\n\t\t\t\t<div class=\"elementor-element elementor-element-b44fb13 elementor-icon-list--layout-traditional elementor-list-item-link-full_width elementor-widget elementor-widget-icon-list\" data-id=\"b44fb13\" data-element_type=\"widget\" data-widget_type=\"icon-list.default\">\n\t\t\t\t<div class=\"elementor-widget-container\">\n\t\t\t\t\t\t\t<ul class=\"elementor-icon-list-items\">\n\t\t\t\t\t\t\t<li class=\"elementor-icon-list-item\">\n\t\t\t\t\t\t\t\t\t\t\t<a href=\"https:\/\/www.rccoworldex.com\" target=\"_blank\">\n\n\t\t\t\t\t\t\t\t\t\t\t\t<span class=\"elementor-icon-list-icon\">\n\t\t\t\t\t\t\t<svg aria-hidden=\"true\" class=\"e-font-icon-svg e-far-arrow-alt-circle-right\" viewBox=\"0 0 512 512\" xmlns=\"http:\/\/www.w3.org\/2000\/svg\"><path d=\"M504 256C504 119 393 8 256 8S8 119 8 256s111 248 248 248 248-111 248-248zm-448 0c0-110.5 89.5-200 200-200s200 89.5 200 200-89.5 200-200 200S56 366.5 56 256zm72 20v-40c0-6.6 5.4-12 12-12h116v-67c0-10.7 12.9-16 20.5-8.5l99 99c4.7 4.7 4.7 12.3 0 17l-99 99c-7.6 7.6-20.5 2.2-20.5-8.5v-67H140c-6.6 0-12-5.4-12-12z\"><\/path><\/svg>\t\t\t\t\t\t<\/span>\n\t\t\t\t\t\t\t\t\t\t<span class=\"elementor-icon-list-text\">RCCO World eX Championship<\/span>\n\t\t\t\t\t\t\t\t\t\t\t<\/a>\n\t\t\t\t\t\t\t\t\t<\/li>\n\t\t\t\t\t\t<\/ul>\n\t\t\t\t\t\t<\/div>\n\t\t\t\t<\/div>\n\t\t\t\t\t<\/div>\n\t\t\t\t<\/div>\n\t\t<div class=\"elementor-element elementor-element-6b84a693 e-flex e-con-boxed e-con e-parent\" data-id=\"6b84a693\" data-element_type=\"container\">\n\t\t\t\t\t<div class=\"e-con-inner\">\n\t\t\t\t<div class=\"elementor-element elementor-element-17913754 elementor-widget elementor-widget-image\" data-id=\"17913754\" data-element_type=\"widget\" data-widget_type=\"image.default\">\n\t\t\t\t<div class=\"elementor-widget-container\">\n\t\t\t\t\t\t\t\t\t\t\t\t\t\t\t<img decoding=\"async\" width=\"470\" height=\"67\" src=\"https:\/\/www.racingfortheclimate.com\/wp-content\/uploads\/2024\/01\/racingfortheclimate_neg.webp\" class=\"attachment-large size-large wp-image-55\" alt=\"\" \/>\t\t\t\t\t\t\t\t\t\t\t\t\t\t\t<\/div>\n\t\t\t\t<\/div>\n\t\t\t\t<div class=\"elementor-element elementor-element-38874056 elementor-widget elementor-widget-heading\" data-id=\"38874056\" data-element_type=\"widget\" data-widget_type=\"heading.default\">\n\t\t\t\t<div class=\"elementor-widget-container\">\n\t\t\t\t\t<h2 class=\"elementor-heading-title elementor-size-default\">Die RCCO will spielerisch zeigen, dass emissionsarmer Motorsport jede Menge Spa\u00df machen kann.\u00a0<\/h2>\t\t\t\t<\/div>\n\t\t\t\t<\/div>\n\t\t\t\t\t<\/div>\n\t\t\t\t<\/div>\n\t\t<div class=\"elementor-element elementor-element-91726fc e-flex e-con-boxed e-con e-parent\" data-id=\"91726fc\" data-element_type=\"container\">\n\t\t\t\t\t<div class=\"e-con-inner\">\n\t\t\t\t<div class=\"elementor-element elementor-element-cb393da elementor-widget elementor-widget-heading\" data-id=\"cb393da\" data-element_type=\"widget\" data-widget_type=\"heading.default\">\n\t\t\t\t<div class=\"elementor-widget-container\">\n\t\t\t\t\t<h2 class=\"elementor-heading-title elementor-size-default\">Impressionen von RCCO Events<\/h2>\t\t\t\t<\/div>\n\t\t\t\t<\/div>\n\t\t\t\t<div class=\"elementor-element elementor-element-77b3a2b elementor-widget elementor-widget-gallery\" data-id=\"77b3a2b\" data-element_type=\"widget\" data-settings=\"{&quot;columns&quot;:3,&quot;gap&quot;:{&quot;unit&quot;:&quot;px&quot;,&quot;size&quot;:0,&quot;sizes&quot;:[]},&quot;aspect_ratio&quot;:&quot;16:9&quot;,&quot;lazyload&quot;:&quot;yes&quot;,&quot;gallery_layout&quot;:&quot;grid&quot;,&quot;columns_tablet&quot;:2,&quot;columns_mobile&quot;:1,&quot;gap_tablet&quot;:{&quot;unit&quot;:&quot;px&quot;,&quot;size&quot;:10,&quot;sizes&quot;:[]},&quot;gap_mobile&quot;:{&quot;unit&quot;:&quot;px&quot;,&quot;size&quot;:10,&quot;sizes&quot;:[]},&quot;link_to&quot;:&quot;file&quot;,&quot;overlay_background&quot;:&quot;yes&quot;,&quot;content_hover_animation&quot;:&quot;fade-in&quot;}\" data-widget_type=\"gallery.default\">\n\t\t\t\t<div class=\"elementor-widget-container\">\n\t\t\t\t\t\t\t<div class=\"elementor-gallery__container\">\n\t\t\t\t\t\t\t<a class=\"e-gallery-item elementor-gallery-item elementor-animated-content\" href=\"https:\/\/www.racingfortheclimate.com\/wp-content\/uploads\/2025\/03\/2025-03-04-WG-01.webp\" data-elementor-open-lightbox=\"yes\" data-elementor-lightbox-slideshow=\"77b3a2b\" data-elementor-lightbox-title=\"RCCO World EX\" data-e-action-hash=\"#elementor-action%3Aaction%3Dlightbox%26settings%3DeyJpZCI6ODQxLCJ1cmwiOiJodHRwczpcL1wvd3d3LnJhY2luZ2ZvcnRoZWNsaW1hdGUuY29tXC93cC1jb250ZW50XC91cGxvYWRzXC8yMDI1XC8wM1wvMjAyNS0wMy0wNC1XRy0wMS53ZWJwIiwic2xpZGVzaG93IjoiNzdiM2EyYiJ9\">\n\t\t\t\t\t<div class=\"e-gallery-image elementor-gallery-item__image\" data-thumbnail=\"https:\/\/www.racingfortheclimate.com\/wp-content\/uploads\/2025\/03\/2025-03-04-WG-01.webp\" data-width=\"300\" data-height=\"169\" aria-label=\"\" role=\"img\" ><\/div>\n\t\t\t\t\t\t\t\t\t\t\t<div class=\"elementor-gallery-item__overlay\"><\/div>\n\t\t\t\t\t\t\t\t\t\t\t\t\t\t<\/a>\n\t\t\t\t\t\t\t<a class=\"e-gallery-item elementor-gallery-item elementor-animated-content\" href=\"https:\/\/www.racingfortheclimate.com\/wp-content\/uploads\/2025\/03\/IMG_6859.webp\" data-elementor-open-lightbox=\"yes\" data-elementor-lightbox-slideshow=\"77b3a2b\" data-elementor-lightbox-title=\"IMG_6859\" data-e-action-hash=\"#elementor-action%3Aaction%3Dlightbox%26settings%3DeyJpZCI6ODQ2LCJ1cmwiOiJodHRwczpcL1wvd3d3LnJhY2luZ2ZvcnRoZWNsaW1hdGUuY29tXC93cC1jb250ZW50XC91cGxvYWRzXC8yMDI1XC8wM1wvSU1HXzY4NTkud2VicCIsInNsaWRlc2hvdyI6Ijc3YjNhMmIifQ%3D%3D\">\n\t\t\t\t\t<div class=\"e-gallery-image elementor-gallery-item__image\" data-thumbnail=\"https:\/\/www.racingfortheclimate.com\/wp-content\/uploads\/2025\/03\/IMG_6859.webp\" data-width=\"300\" data-height=\"169\" aria-label=\"\" role=\"img\" ><\/div>\n\t\t\t\t\t\t\t\t\t\t\t<div class=\"elementor-gallery-item__overlay\"><\/div>\n\t\t\t\t\t\t\t\t\t\t\t\t\t\t<\/a>\n\t\t\t\t\t\t\t<a class=\"e-gallery-item elementor-gallery-item elementor-animated-content\" href=\"https:\/\/www.racingfortheclimate.com\/wp-content\/uploads\/2025\/03\/image.jpg\" data-elementor-open-lightbox=\"yes\" data-elementor-lightbox-slideshow=\"77b3a2b\" data-elementor-lightbox-title=\"image\" data-e-action-hash=\"#elementor-action%3Aaction%3Dlightbox%26settings%3DeyJpZCI6ODQzLCJ1cmwiOiJodHRwczpcL1wvd3d3LnJhY2luZ2ZvcnRoZWNsaW1hdGUuY29tXC93cC1jb250ZW50XC91cGxvYWRzXC8yMDI1XC8wM1wvaW1hZ2UuanBnIiwic2xpZGVzaG93IjoiNzdiM2EyYiJ9\">\n\t\t\t\t\t<div class=\"e-gallery-image elementor-gallery-item__image\" data-thumbnail=\"https:\/\/www.racingfortheclimate.com\/wp-content\/uploads\/2025\/03\/image.jpg\" data-width=\"300\" data-height=\"169\" aria-label=\"\" role=\"img\" ><\/div>\n\t\t\t\t\t\t\t\t\t\t\t<div class=\"elementor-gallery-item__overlay\"><\/div>\n\t\t\t\t\t\t\t\t\t\t\t\t\t\t<\/a>\n\t\t\t\t\t\t\t<a class=\"e-gallery-item elementor-gallery-item elementor-animated-content\" href=\"https:\/\/www.racingfortheclimate.com\/wp-content\/uploads\/2025\/03\/2025-03-04-WG-15.webp\" data-elementor-open-lightbox=\"yes\" data-elementor-lightbox-slideshow=\"77b3a2b\" data-elementor-lightbox-title=\"RCCO World EX\" data-e-action-hash=\"#elementor-action%3Aaction%3Dlightbox%26settings%3DeyJpZCI6ODQ4LCJ1cmwiOiJodHRwczpcL1wvd3d3LnJhY2luZ2ZvcnRoZWNsaW1hdGUuY29tXC93cC1jb250ZW50XC91cGxvYWRzXC8yMDI1XC8wM1wvMjAyNS0wMy0wNC1XRy0xNS53ZWJwIiwic2xpZGVzaG93IjoiNzdiM2EyYiJ9\">\n\t\t\t\t\t<div class=\"e-gallery-image elementor-gallery-item__image\" data-thumbnail=\"https:\/\/www.racingfortheclimate.com\/wp-content\/uploads\/2025\/03\/2025-03-04-WG-15.webp\" data-width=\"300\" data-height=\"169\" aria-label=\"\" role=\"img\" ><\/div>\n\t\t\t\t\t\t\t\t\t\t\t<div class=\"elementor-gallery-item__overlay\"><\/div>\n\t\t\t\t\t\t\t\t\t\t\t\t\t\t<\/a>\n\t\t\t\t\t\t\t<a class=\"e-gallery-item elementor-gallery-item elementor-animated-content\" href=\"https:\/\/www.racingfortheclimate.com\/wp-content\/uploads\/2025\/03\/IMG_3332.webp\" data-elementor-open-lightbox=\"yes\" data-elementor-lightbox-slideshow=\"77b3a2b\" data-elementor-lightbox-title=\"IMG_3332\" data-e-action-hash=\"#elementor-action%3Aaction%3Dlightbox%26settings%3DeyJpZCI6ODQ0LCJ1cmwiOiJodHRwczpcL1wvd3d3LnJhY2luZ2ZvcnRoZWNsaW1hdGUuY29tXC93cC1jb250ZW50XC91cGxvYWRzXC8yMDI1XC8wM1wvSU1HXzMzMzIud2VicCIsInNsaWRlc2hvdyI6Ijc3YjNhMmIifQ%3D%3D\">\n\t\t\t\t\t<div class=\"e-gallery-image elementor-gallery-item__image\" data-thumbnail=\"https:\/\/www.racingfortheclimate.com\/wp-content\/uploads\/2025\/03\/IMG_3332.webp\" data-width=\"300\" data-height=\"169\" aria-label=\"\" role=\"img\" ><\/div>\n\t\t\t\t\t\t\t\t\t\t\t<div class=\"elementor-gallery-item__overlay\"><\/div>\n\t\t\t\t\t\t\t\t\t\t\t\t\t\t<\/a>\n\t\t\t\t\t\t\t<a class=\"e-gallery-item elementor-gallery-item elementor-animated-content\" href=\"https:\/\/www.racingfortheclimate.com\/wp-content\/uploads\/2025\/03\/0F5A5202.webp\" data-elementor-open-lightbox=\"yes\" data-elementor-lightbox-slideshow=\"77b3a2b\" data-elementor-lightbox-title=\"0F5A5202\" data-e-action-hash=\"#elementor-action%3Aaction%3Dlightbox%26settings%3DeyJpZCI6ODQwLCJ1cmwiOiJodHRwczpcL1wvd3d3LnJhY2luZ2ZvcnRoZWNsaW1hdGUuY29tXC93cC1jb250ZW50XC91cGxvYWRzXC8yMDI1XC8wM1wvMEY1QTUyMDIud2VicCIsInNsaWRlc2hvdyI6Ijc3YjNhMmIifQ%3D%3D\">\n\t\t\t\t\t<div class=\"e-gallery-image elementor-gallery-item__image\" data-thumbnail=\"https:\/\/www.racingfortheclimate.com\/wp-content\/uploads\/2025\/03\/0F5A5202.webp\" data-width=\"300\" data-height=\"169\" aria-label=\"\" role=\"img\" ><\/div>\n\t\t\t\t\t\t\t\t\t\t\t<div class=\"elementor-gallery-item__overlay\"><\/div>\n\t\t\t\t\t\t\t\t\t\t\t\t\t\t<\/a>\n\t\t\t\t\t\t\t<a class=\"e-gallery-item elementor-gallery-item elementor-animated-content\" href=\"https:\/\/www.racingfortheclimate.com\/wp-content\/uploads\/2025\/03\/20181117_Start_Slotcar_LEI_13.webp\" data-elementor-open-lightbox=\"yes\" data-elementor-lightbox-slideshow=\"77b3a2b\" data-elementor-lightbox-title=\"20181117_Start_Slotcar_LEI_13\" data-e-action-hash=\"#elementor-action%3Aaction%3Dlightbox%26settings%3DeyJpZCI6ODQyLCJ1cmwiOiJodHRwczpcL1wvd3d3LnJhY2luZ2ZvcnRoZWNsaW1hdGUuY29tXC93cC1jb250ZW50XC91cGxvYWRzXC8yMDI1XC8wM1wvMjAxODExMTdfU3RhcnRfU2xvdGNhcl9MRUlfMTMud2VicCIsInNsaWRlc2hvdyI6Ijc3YjNhMmIifQ%3D%3D\">\n\t\t\t\t\t<div class=\"e-gallery-image elementor-gallery-item__image\" data-thumbnail=\"https:\/\/www.racingfortheclimate.com\/wp-content\/uploads\/2025\/03\/20181117_Start_Slotcar_LEI_13.webp\" data-width=\"300\" data-height=\"169\" aria-label=\"\" role=\"img\" ><\/div>\n\t\t\t\t\t\t\t\t\t\t\t<div class=\"elementor-gallery-item__overlay\"><\/div>\n\t\t\t\t\t\t\t\t\t\t\t\t\t\t<\/a>\n\t\t\t\t\t\t\t<a class=\"e-gallery-item elementor-gallery-item elementor-animated-content\" href=\"https:\/\/www.racingfortheclimate.com\/wp-content\/uploads\/2025\/03\/IMG_3378.webp\" data-elementor-open-lightbox=\"yes\" data-elementor-lightbox-slideshow=\"77b3a2b\" data-elementor-lightbox-title=\"IMG_3378\" data-e-action-hash=\"#elementor-action%3Aaction%3Dlightbox%26settings%3DeyJpZCI6ODQ1LCJ1cmwiOiJodHRwczpcL1wvd3d3LnJhY2luZ2ZvcnRoZWNsaW1hdGUuY29tXC93cC1jb250ZW50XC91cGxvYWRzXC8yMDI1XC8wM1wvSU1HXzMzNzgud2VicCIsInNsaWRlc2hvdyI6Ijc3YjNhMmIifQ%3D%3D\">\n\t\t\t\t\t<div class=\"e-gallery-image elementor-gallery-item__image\" data-thumbnail=\"https:\/\/www.racingfortheclimate.com\/wp-content\/uploads\/2025\/03\/IMG_3378.webp\" data-width=\"300\" data-height=\"169\" aria-label=\"\" role=\"img\" ><\/div>\n\t\t\t\t\t\t\t\t\t\t\t<div class=\"elementor-gallery-item__overlay\"><\/div>\n\t\t\t\t\t\t\t\t\t\t\t\t\t\t<\/a>\n\t\t\t\t\t\t\t<a class=\"e-gallery-item elementor-gallery-item elementor-animated-content\" href=\"https:\/\/www.racingfortheclimate.com\/wp-content\/uploads\/2025\/03\/IMG_6863.webp\" data-elementor-open-lightbox=\"yes\" data-elementor-lightbox-slideshow=\"77b3a2b\" data-elementor-lightbox-title=\"IMG_6863\" data-e-action-hash=\"#elementor-action%3Aaction%3Dlightbox%26settings%3DeyJpZCI6ODQ3LCJ1cmwiOiJodHRwczpcL1wvd3d3LnJhY2luZ2ZvcnRoZWNsaW1hdGUuY29tXC93cC1jb250ZW50XC91cGxvYWRzXC8yMDI1XC8wM1wvSU1HXzY4NjMud2VicCIsInNsaWRlc2hvdyI6Ijc3YjNhMmIifQ%3D%3D\">\n\t\t\t\t\t<div class=\"e-gallery-image elementor-gallery-item__image\" data-thumbnail=\"https:\/\/www.racingfortheclimate.com\/wp-content\/uploads\/2025\/03\/IMG_6863.webp\" data-width=\"300\" data-height=\"169\" aria-label=\"\" role=\"img\" ><\/div>\n\t\t\t\t\t\t\t\t\t\t\t<div class=\"elementor-gallery-item__overlay\"><\/div>\n\t\t\t\t\t\t\t\t\t\t\t\t\t\t<\/a>\n\t\t\t\t\t<\/div>\n\t\t\t\t\t<\/div>\n\t\t\t\t<\/div>\n\t\t\t\t<div class=\"elementor-element elementor-element-3cb21f6 elementor-widget elementor-widget-heading\" data-id=\"3cb21f6\" data-element_type=\"widget\" data-widget_type=\"heading.default\">\n\t\t\t\t<div class=\"elementor-widget-container\">\n\t\t\t\t\t<h2 class=\"elementor-heading-title elementor-size-default\">RCCO \u2013 was hei\u00dft das eigentlich?<\/h2>\t\t\t\t<\/div>\n\t\t\t\t<\/div>\n\t\t\t\t<div class=\"elementor-element elementor-element-e0ce77a elementor-widget elementor-widget-text-editor\" data-id=\"e0ce77a\" data-element_type=\"widget\" data-widget_type=\"text-editor.default\">\n\t\t\t\t<div class=\"elementor-widget-container\">\n\t\t\t\t\t\t\t\t\t<p><span style=\"font-family: var( --e-global-typography-text-font-family ), Sans-serif; font-size: var( --e-global-typography-text-font-size ); text-align: var(--text-align);\">Die RCCO wurde 1991 als \u201erallye racing Carrera Cup Organisation\u201c gegr\u00fcndet. \u00dcber drei Jahrzehnte hinweg war RCCO das Synonym f\u00fcr die \u201egro\u00dfe kleine\u201c Slotcar-Rennserie \u2013 eine einzigartige Networking-Plattform im Motorsport. Daraus wurde die \u201eRacing Concept Cars Organisation\u201c, die heute Teil unseres gemeinn\u00fctzigen Vereins ist und Garant daf\u00fcr ist, dass unsere Rennveranstaltungen perfekt organisiert sind \u2013 das alles \u00fcbrigens auf einer ehrenamtlichen Basis.<\/span><\/p>\t\t\t\t\t\t\t\t<\/div>\n\t\t\t\t<\/div>\n\t\t\t\t\t<\/div>\n\t\t\t\t<\/div>\n\t\t\t\t<\/div>\n\t\t","protected":false},"excerpt":{"rendered":"<p>#DrivingTheFuture \u2013 <\/p>\n","protected":false},"author":1,"featured_media":513,"parent":0,"menu_order":0,"comment_status":"closed","ping_status":"closed","template":"","meta":{"_acf_changed":false,"_crdt_document":"","footnotes":""},"class_list":["post-369","page","type-page","status-publish","has-post-thumbnail","hentry"],"acf":[],"yoast_head":"<!-- This site is optimized with the Yoast SEO plugin v26.8 - https:\/\/yoast.com\/product\/yoast-seo-wordpress\/ -->\n<title>RCCO | Racing For The Climate e.V.<\/title>\n<meta name=\"description\" content=\"Die RCCO macht technische Innovationen erlebbar \u2013 im Sim Racing, im Slot Racing und in der realen Welt. Und das bereits seit 1991.\" \/>\n<meta name=\"robots\" content=\"index, follow, max-snippet:-1, max-image-preview:large, max-video-preview:-1\" \/>\n<link rel=\"canonical\" href=\"https:\/\/www.racingfortheclimate.com\/index.php\/rcco\/\" \/>\n<meta property=\"og:locale\" content=\"de_DE\" \/>\n<meta property=\"og:type\" content=\"article\" \/>\n<meta property=\"og:title\" content=\"RCCO | Racing For The Climate e.V.\" \/>\n<meta property=\"og:description\" content=\"Die RCCO macht technische Innovationen erlebbar \u2013 im Sim Racing, im Slot Racing und in der realen Welt. Und das bereits seit 1991.\" \/>\n<meta property=\"og:url\" content=\"https:\/\/www.racingfortheclimate.com\/index.php\/rcco\/\" \/>\n<meta property=\"og:site_name\" content=\"Racing For The Climate e.V.\" \/>\n<meta property=\"article:publisher\" content=\"https:\/\/www.linkedin.com\/company\/racing-for-the-climate\/\" \/>\n<meta property=\"article:modified_time\" content=\"2026-01-31T17:00:25+00:00\" \/>\n<meta property=\"og:image\" content=\"https:\/\/www.racingfortheclimate.com\/wp-content\/uploads\/2024\/06\/20181117_Start_Slotcar_LEI_17.jpg\" \/>\n\t<meta property=\"og:image:width\" content=\"1920\" \/>\n\t<meta property=\"og:image:height\" content=\"1080\" \/>\n\t<meta property=\"og:image:type\" content=\"image\/jpeg\" \/>\n<meta name=\"twitter:card\" content=\"summary_large_image\" \/>\n<meta name=\"twitter:label1\" content=\"Gesch\u00e4tzte Lesezeit\" \/>\n\t<meta name=\"twitter:data1\" content=\"2\u00a0Minuten\" \/>\n<script type=\"application\/ld+json\" class=\"yoast-schema-graph\">{\"@context\":\"https:\/\/schema.org\",\"@graph\":[{\"@type\":\"WebPage\",\"@id\":\"https:\/\/www.racingfortheclimate.com\/index.php\/rcco\/\",\"url\":\"https:\/\/www.racingfortheclimate.com\/index.php\/rcco\/\",\"name\":\"RCCO | Racing For The Climate e.V.\",\"isPartOf\":{\"@id\":\"https:\/\/www.racingfortheclimate.com\/#website\"},\"primaryImageOfPage\":{\"@id\":\"https:\/\/www.racingfortheclimate.com\/index.php\/rcco\/#primaryimage\"},\"image\":{\"@id\":\"https:\/\/www.racingfortheclimate.com\/index.php\/rcco\/#primaryimage\"},\"thumbnailUrl\":\"https:\/\/www.racingfortheclimate.com\/wp-content\/uploads\/2024\/06\/20181117_Start_Slotcar_LEI_17.webp\",\"datePublished\":\"2024-06-22T12:59:44+00:00\",\"dateModified\":\"2026-01-31T17:00:25+00:00\",\"description\":\"Die RCCO macht technische Innovationen erlebbar \u2013 im Sim Racing, im Slot Racing und in der realen Welt. Und das bereits seit 1991.\",\"breadcrumb\":{\"@id\":\"https:\/\/www.racingfortheclimate.com\/index.php\/rcco\/#breadcrumb\"},\"inLanguage\":\"de\",\"potentialAction\":[{\"@type\":\"ReadAction\",\"target\":[\"https:\/\/www.racingfortheclimate.com\/index.php\/rcco\/\"]}]},{\"@type\":\"ImageObject\",\"inLanguage\":\"de\",\"@id\":\"https:\/\/www.racingfortheclimate.com\/index.php\/rcco\/#primaryimage\",\"url\":\"https:\/\/www.racingfortheclimate.com\/wp-content\/uploads\/2024\/06\/20181117_Start_Slotcar_LEI_17.webp\",\"contentUrl\":\"https:\/\/www.racingfortheclimate.com\/wp-content\/uploads\/2024\/06\/20181117_Start_Slotcar_LEI_17.webp\",\"width\":1920,\"height\":1080},{\"@type\":\"BreadcrumbList\",\"@id\":\"https:\/\/www.racingfortheclimate.com\/index.php\/rcco\/#breadcrumb\",\"itemListElement\":[{\"@type\":\"ListItem\",\"position\":1,\"name\":\"Startseite\",\"item\":\"https:\/\/www.racingfortheclimate.com\/\"},{\"@type\":\"ListItem\",\"position\":2,\"name\":\"RCCO\"}]},{\"@type\":\"WebSite\",\"@id\":\"https:\/\/www.racingfortheclimate.com\/#website\",\"url\":\"https:\/\/www.racingfortheclimate.com\/\",\"name\":\"Racing For The Climate e.V.\",\"description\":\"Motorsport als Vorbild\",\"publisher\":{\"@id\":\"https:\/\/www.racingfortheclimate.com\/#organization\"},\"potentialAction\":[{\"@type\":\"SearchAction\",\"target\":{\"@type\":\"EntryPoint\",\"urlTemplate\":\"https:\/\/www.racingfortheclimate.com\/?s={search_term_string}\"},\"query-input\":{\"@type\":\"PropertyValueSpecification\",\"valueRequired\":true,\"valueName\":\"search_term_string\"}}],\"inLanguage\":\"de\"},{\"@type\":\"Organization\",\"@id\":\"https:\/\/www.racingfortheclimate.com\/#organization\",\"name\":\"Racing For The Climate e.V.\",\"url\":\"https:\/\/www.racingfortheclimate.com\/\",\"logo\":{\"@type\":\"ImageObject\",\"inLanguage\":\"de\",\"@id\":\"https:\/\/www.racingfortheclimate.com\/#\/schema\/logo\/image\/\",\"url\":\"https:\/\/www.racingfortheclimate.com\/wp-content\/uploads\/2024\/01\/racingfortheclimate_neg.webp\",\"contentUrl\":\"https:\/\/www.racingfortheclimate.com\/wp-content\/uploads\/2024\/01\/racingfortheclimate_neg.webp\",\"width\":470,\"height\":67,\"caption\":\"Racing For The Climate e.V.\"},\"image\":{\"@id\":\"https:\/\/www.racingfortheclimate.com\/#\/schema\/logo\/image\/\"},\"sameAs\":[\"https:\/\/www.linkedin.com\/company\/racing-for-the-climate\/\"]}]}<\/script>\n<!-- \/ Yoast SEO plugin. -->","yoast_head_json":{"title":"RCCO | Racing For The Climate e.V.","description":"Die RCCO macht technische Innovationen erlebbar \u2013 im Sim Racing, im Slot Racing und in der realen Welt. Und das bereits seit 1991.","robots":{"index":"index","follow":"follow","max-snippet":"max-snippet:-1","max-image-preview":"max-image-preview:large","max-video-preview":"max-video-preview:-1"},"canonical":"https:\/\/www.racingfortheclimate.com\/index.php\/rcco\/","og_locale":"de_DE","og_type":"article","og_title":"RCCO | Racing For The Climate e.V.","og_description":"Die RCCO macht technische Innovationen erlebbar \u2013 im Sim Racing, im Slot Racing und in der realen Welt. Und das bereits seit 1991.","og_url":"https:\/\/www.racingfortheclimate.com\/index.php\/rcco\/","og_site_name":"Racing For The Climate e.V.","article_publisher":"https:\/\/www.linkedin.com\/company\/racing-for-the-climate\/","article_modified_time":"2026-01-31T17:00:25+00:00","og_image":[{"width":1920,"height":1080,"url":"https:\/\/www.racingfortheclimate.com\/wp-content\/uploads\/2024\/06\/20181117_Start_Slotcar_LEI_17.jpg","type":"image\/jpeg"}],"twitter_card":"summary_large_image","twitter_misc":{"Gesch\u00e4tzte Lesezeit":"2\u00a0Minuten"},"schema":{"@context":"https:\/\/schema.org","@graph":[{"@type":"WebPage","@id":"https:\/\/www.racingfortheclimate.com\/index.php\/rcco\/","url":"https:\/\/www.racingfortheclimate.com\/index.php\/rcco\/","name":"RCCO | Racing For The Climate e.V.","isPartOf":{"@id":"https:\/\/www.racingfortheclimate.com\/#website"},"primaryImageOfPage":{"@id":"https:\/\/www.racingfortheclimate.com\/index.php\/rcco\/#primaryimage"},"image":{"@id":"https:\/\/www.racingfortheclimate.com\/index.php\/rcco\/#primaryimage"},"thumbnailUrl":"https:\/\/www.racingfortheclimate.com\/wp-content\/uploads\/2024\/06\/20181117_Start_Slotcar_LEI_17.webp","datePublished":"2024-06-22T12:59:44+00:00","dateModified":"2026-01-31T17:00:25+00:00","description":"Die RCCO macht technische Innovationen erlebbar \u2013 im Sim Racing, im Slot Racing und in der realen Welt. Und das bereits seit 1991.","breadcrumb":{"@id":"https:\/\/www.racingfortheclimate.com\/index.php\/rcco\/#breadcrumb"},"inLanguage":"de","potentialAction":[{"@type":"ReadAction","target":["https:\/\/www.racingfortheclimate.com\/index.php\/rcco\/"]}]},{"@type":"ImageObject","inLanguage":"de","@id":"https:\/\/www.racingfortheclimate.com\/index.php\/rcco\/#primaryimage","url":"https:\/\/www.racingfortheclimate.com\/wp-content\/uploads\/2024\/06\/20181117_Start_Slotcar_LEI_17.webp","contentUrl":"https:\/\/www.racingfortheclimate.com\/wp-content\/uploads\/2024\/06\/20181117_Start_Slotcar_LEI_17.webp","width":1920,"height":1080},{"@type":"BreadcrumbList","@id":"https:\/\/www.racingfortheclimate.com\/index.php\/rcco\/#breadcrumb","itemListElement":[{"@type":"ListItem","position":1,"name":"Startseite","item":"https:\/\/www.racingfortheclimate.com\/"},{"@type":"ListItem","position":2,"name":"RCCO"}]},{"@type":"WebSite","@id":"https:\/\/www.racingfortheclimate.com\/#website","url":"https:\/\/www.racingfortheclimate.com\/","name":"Racing For The Climate e.V.","description":"Motorsport als Vorbild","publisher":{"@id":"https:\/\/www.racingfortheclimate.com\/#organization"},"potentialAction":[{"@type":"SearchAction","target":{"@type":"EntryPoint","urlTemplate":"https:\/\/www.racingfortheclimate.com\/?s={search_term_string}"},"query-input":{"@type":"PropertyValueSpecification","valueRequired":true,"valueName":"search_term_string"}}],"inLanguage":"de"},{"@type":"Organization","@id":"https:\/\/www.racingfortheclimate.com\/#organization","name":"Racing For The Climate e.V.","url":"https:\/\/www.racingfortheclimate.com\/","logo":{"@type":"ImageObject","inLanguage":"de","@id":"https:\/\/www.racingfortheclimate.com\/#\/schema\/logo\/image\/","url":"https:\/\/www.racingfortheclimate.com\/wp-content\/uploads\/2024\/01\/racingfortheclimate_neg.webp","contentUrl":"https:\/\/www.racingfortheclimate.com\/wp-content\/uploads\/2024\/01\/racingfortheclimate_neg.webp","width":470,"height":67,"caption":"Racing For The Climate e.V."},"image":{"@id":"https:\/\/www.racingfortheclimate.com\/#\/schema\/logo\/image\/"},"sameAs":["https:\/\/www.linkedin.com\/company\/racing-for-the-climate\/"]}]}},"_links":{"self":[{"href":"https:\/\/www.racingfortheclimate.com\/index.php\/wp-json\/wp\/v2\/pages\/369","targetHints":{"allow":["GET"]}}],"collection":[{"href":"https:\/\/www.racingfortheclimate.com\/index.php\/wp-json\/wp\/v2\/pages"}],"about":[{"href":"https:\/\/www.racingfortheclimate.com\/index.php\/wp-json\/wp\/v2\/types\/page"}],"author":[{"embeddable":true,"href":"https:\/\/www.racingfortheclimate.com\/index.php\/wp-json\/wp\/v2\/users\/1"}],"replies":[{"embeddable":true,"href":"https:\/\/www.racingfortheclimate.com\/index.php\/wp-json\/wp\/v2\/comments?post=369"}],"version-history":[{"count":91,"href":"https:\/\/www.racingfortheclimate.com\/index.php\/wp-json\/wp\/v2\/pages\/369\/revisions"}],"predecessor-version":[{"id":1409,"href":"https:\/\/www.racingfortheclimate.com\/index.php\/wp-json\/wp\/v2\/pages\/369\/revisions\/1409"}],"wp:featuredmedia":[{"embeddable":true,"href":"https:\/\/www.racingfortheclimate.com\/index.php\/wp-json\/wp\/v2\/media\/513"}],"wp:attachment":[{"href":"https:\/\/www.racingfortheclimate.com\/index.php\/wp-json\/wp\/v2\/media?parent=369"}],"curies":[{"name":"wp","href":"https:\/\/api.w.org\/{rel}","templated":true}]}}