{"id":485,"date":"2024-06-22T16:25:38","date_gmt":"2024-06-22T16:25:38","guid":{"rendered":"https:\/\/www.racingfortheclimate.com\/?page_id=485"},"modified":"2025-11-15T18:19:35","modified_gmt":"2025-11-15T18:19:35","slug":"impressum","status":"publish","type":"page","link":"https:\/\/www.racingfortheclimate.com\/index.php\/impressum\/","title":{"rendered":"Impressum"},"content":{"rendered":"\t\t<div data-elementor-type=\"wp-page\" data-elementor-id=\"485\" class=\"elementor elementor-485\" data-elementor-post-type=\"page\">\n\t\t\t\t<div class=\"elementor-element elementor-element-40f8a2a1 e-flex e-con-boxed e-con e-parent\" data-id=\"40f8a2a1\" data-element_type=\"container\">\n\t\t\t\t\t<div class=\"e-con-inner\">\n\t\t\t\t<div class=\"elementor-element elementor-element-350c893 elementor-widget elementor-widget-heading\" data-id=\"350c893\" data-element_type=\"widget\" data-widget_type=\"heading.default\">\n\t\t\t\t<div class=\"elementor-widget-container\">\n\t\t\t\t\t<h2 class=\"elementor-heading-title elementor-size-default\">Impressum<\/h2>\t\t\t\t<\/div>\n\t\t\t\t<\/div>\n\t\t\t\t\t<\/div>\n\t\t\t\t<\/div>\n\t\t<div class=\"elementor-element elementor-element-1d34e745 e-flex e-con-boxed e-con e-parent\" data-id=\"1d34e745\" data-element_type=\"container\">\n\t\t\t\t\t<div class=\"e-con-inner\">\n\t\t\t\t<div class=\"elementor-element elementor-element-107c1bbc elementor-widget elementor-widget-text-editor\" data-id=\"107c1bbc\" data-element_type=\"widget\" data-widget_type=\"text-editor.default\">\n\t\t\t\t<div class=\"elementor-widget-container\">\n\t\t\t\t\t\t\t\t\t<p><b>Angaben gem\u00e4\u00df \u00a7 5 TMG<\/b><\/p><p>Racing for the Climate e.V.<br \/>Flei\u00dfnerstr. 11e<br \/>D-04157 Leipzig<\/p><p><b style=\"text-align: var(--text-align); font-family: var( --e-global-typography-text-font-family ), Sans-serif; font-size: var( --e-global-typography-text-font-size );\">Vertreten durch den Vorstand:<\/b><\/p><p>Julius Martin, Bj\u00f6rn Skottke, Thomas Voigt<\/p><p><b>Kontakt:<\/b><\/p><p>E-Mail: <a href=\"mailto:contact@racingfortheclimate.com\">contact@racingfortheclimate.com<\/a><\/p><p><b>Registereintrag:<\/b><\/p><p>Amtsgericht Dresden, VR 13875<\/p><p><b>Verantwortlich f\u00fcr den Inhalt nach \u00a7 55 Abs. 2 RStV:<\/b><\/p><p>Julius Martin, Bj\u00f6rn Skottke, Thomas Voigt<b><br \/><\/b><\/p><p><b>Haftungsausschluss (Disclaimer)<\/b><\/p><p><b>Haftung f\u00fcr Inhalte<\/b><\/p><p>Als Diensteanbieter sind wir gem\u00e4\u00df \u00a7 7 Abs.1 TMG f\u00fcr eigene Inhalte auf diesen Seiten nach den allgemeinen Gesetzen verantwortlich. Nach \u00a7\u00a7 8 bis 10 TMG sind wir als Diensteanbieter jedoch nicht verpflichtet, \u00fcbermittelte oder gespeicherte fremde Informationen zu \u00fcberwachen oder nach Umst\u00e4nden zu forschen, die auf eine rechtswidrige T\u00e4tigkeit hinweisen. Verpflichtungen zur Entfernung oder Sperrung der Nutzung von Informationen nach den allgemeinen Gesetzen bleiben hiervon unber\u00fchrt. Eine diesbez\u00fcgliche Haftung ist jedoch erst ab dem Zeitpunkt der Kenntnis einer konkreten Rechtsverletzung m\u00f6glich. Bei Bekanntwerden von entsprechenden Rechtsverletzungen werden wir diese Inhalte umgehend entfernen.<\/p><p><b>Haftung f\u00fcr Links<\/b><\/p><p>Unser Angebot enth\u00e4lt Links zu externen Webseiten Dritter, auf deren Inhalte wir keinen Einfluss haben. Deshalb k\u00f6nnen wir f\u00fcr diese fremden Inhalte auch keine Gew\u00e4hr \u00fcbernehmen. F\u00fcr die Inhalte der verlinkten Seiten ist stets der jeweilige Anbieter oder Betreiber der Seiten verantwortlich. Die verlinkten Seiten wurden zum Zeitpunkt der Verlinkung auf m\u00f6gliche Rechtsverst\u00f6\u00dfe \u00fcberpr\u00fcft. Rechtswidrige Inhalte waren zum Zeitpunkt der Verlinkung nicht erkennbar. Eine permanente inhaltliche Kontrolle der verlinkten Seiten ist jedoch ohne konkrete Anhaltspunkte einer Rechtsverletzung nicht zumutbar. Bei Bekanntwerden von Rechtsverletzungen werden wir derartige Links umgehend entfernen.<\/p><p><b>Urheberrecht<\/b><\/p><p>Die durch die Seitenbetreiber erstellten Inhalte und Werke auf diesen Seiten unterliegen dem deutschen Urheberrecht. Die Vervielf\u00e4ltigung, Bearbeitung, Verbreitung und jede Art der Verwertung au\u00dferhalb der Grenzen des Urheberrechtes bed\u00fcrfen der schriftlichen Zustimmung des jeweiligen Autors bzw. Erstellers. Downloads und Kopien dieser Seite sind nur f\u00fcr den privaten, nicht kommerziellen Gebrauch gestattet. Soweit die Inhalte auf dieser Seite nicht vom Betreiber erstellt wurden, werden die Urheberrechte Dritter beachtet. Insbesondere werden Inhalte Dritter als solche gekennzeichnet. Sollten Sie trotzdem auf eine Urheberrechtsverletzung aufmerksam werden, bitten wir um einen entsprechenden Hinweis. Bei Bekanntwerden von Rechtsverletzungen werden wir derartige Inhalte umgehend entfernen.<\/p><p><b>Sorgfalt<\/b><\/p><p>Wir recherchieren alle Angaben zu Nachhaltigkeit und CO<sub>2<\/sub>-Reduktionen mit gr\u00f6\u00dfer Sorgfalt. Alle Angaben auf dieser Website sind dennoch ohne Gew\u00e4hr.<\/p>\t\t\t\t\t\t\t\t<\/div>\n\t\t\t\t<\/div>\n\t\t\t\t\t<\/div>\n\t\t\t\t<\/div>\n\t\t\t\t<\/div>\n\t\t","protected":false},"excerpt":{"rendered":"<p>Impressum Angaben gem\u00e4\u00df \u00a7 5 TMG Racing for the Climate e.V.Flei\u00dfnerstr. 11eD-04157 Leipzig Vertreten durch den Vorstand: Julius Martin, Bj\u00f6rn Skottke, Thomas Voigt Kontakt: E-Mail: contact@racingfortheclimate.com Registereintrag: Amtsgericht Dresden, VR 13875 Verantwortlich f\u00fcr den Inhalt nach \u00a7 55 Abs. 2 RStV: Julius Martin, Bj\u00f6rn Skottke, Thomas Voigt Haftungsausschluss (Disclaimer) Haftung f\u00fcr Inhalte Als Diensteanbieter sind [&hellip;]<\/p>\n","protected":false},"author":1,"featured_media":1194,"parent":0,"menu_order":0,"comment_status":"closed","ping_status":"closed","template":"elementor_theme","meta":{"_acf_changed":false,"_crdt_document":"","footnotes":""},"class_list":["post-485","page","type-page","status-publish","has-post-thumbnail","hentry"],"acf":[],"yoast_head":"<!-- This site is optimized with the Yoast SEO plugin v26.8 - https:\/\/yoast.com\/product\/yoast-seo-wordpress\/ -->\n<title>Impressum | Racing For The Climate e.V.<\/title>\n<meta name=\"robots\" content=\"index, follow, max-snippet:-1, max-image-preview:large, max-video-preview:-1\" \/>\n<link rel=\"canonical\" href=\"https:\/\/www.racingfortheclimate.com\/index.php\/impressum\/\" \/>\n<meta property=\"og:locale\" content=\"de_DE\" \/>\n<meta property=\"og:type\" content=\"article\" \/>\n<meta property=\"og:title\" content=\"Impressum | Racing For The Climate e.V.\" \/>\n<meta property=\"og:description\" content=\"Impressum Angaben gem\u00e4\u00df \u00a7 5 TMG Racing for the Climate e.V.Flei\u00dfnerstr. 11eD-04157 Leipzig Vertreten durch den Vorstand: Julius Martin, Bj\u00f6rn Skottke, Thomas Voigt Kontakt: E-Mail: contact@racingfortheclimate.com Registereintrag: Amtsgericht Dresden, VR 13875 Verantwortlich f\u00fcr den Inhalt nach \u00a7 55 Abs. 2 RStV: Julius Martin, Bj\u00f6rn Skottke, Thomas Voigt Haftungsausschluss (Disclaimer) Haftung f\u00fcr Inhalte Als Diensteanbieter sind [&hellip;]\" \/>\n<meta property=\"og:url\" content=\"https:\/\/www.racingfortheclimate.com\/index.php\/impressum\/\" \/>\n<meta property=\"og:site_name\" content=\"Racing For The Climate e.V.\" \/>\n<meta property=\"article:publisher\" content=\"https:\/\/www.linkedin.com\/company\/racing-for-the-climate\/\" \/>\n<meta property=\"article:modified_time\" content=\"2025-11-15T18:19:35+00:00\" \/>\n<meta property=\"og:image\" content=\"https:\/\/www.racingfortheclimate.com\/wp-content\/uploads\/2025\/05\/IMG_5245.jpg\" \/>\n\t<meta property=\"og:image:width\" content=\"800\" \/>\n\t<meta property=\"og:image:height\" content=\"450\" \/>\n\t<meta property=\"og:image:type\" content=\"image\/jpeg\" \/>\n<meta name=\"twitter:card\" content=\"summary_large_image\" \/>\n<meta name=\"twitter:label1\" content=\"Gesch\u00e4tzte Lesezeit\" \/>\n\t<meta name=\"twitter:data1\" content=\"3\u00a0Minuten\" \/>\n<script type=\"application\/ld+json\" class=\"yoast-schema-graph\">{\"@context\":\"https:\/\/schema.org\",\"@graph\":[{\"@type\":\"WebPage\",\"@id\":\"https:\/\/www.racingfortheclimate.com\/index.php\/impressum\/\",\"url\":\"https:\/\/www.racingfortheclimate.com\/index.php\/impressum\/\",\"name\":\"Impressum | Racing For The Climate e.V.\",\"isPartOf\":{\"@id\":\"https:\/\/www.racingfortheclimate.com\/#website\"},\"primaryImageOfPage\":{\"@id\":\"https:\/\/www.racingfortheclimate.com\/index.php\/impressum\/#primaryimage\"},\"image\":{\"@id\":\"https:\/\/www.racingfortheclimate.com\/index.php\/impressum\/#primaryimage\"},\"thumbnailUrl\":\"https:\/\/www.racingfortheclimate.com\/wp-content\/uploads\/2025\/05\/IMG_5245.webp\",\"datePublished\":\"2024-06-22T16:25:38+00:00\",\"dateModified\":\"2025-11-15T18:19:35+00:00\",\"breadcrumb\":{\"@id\":\"https:\/\/www.racingfortheclimate.com\/index.php\/impressum\/#breadcrumb\"},\"inLanguage\":\"de\",\"potentialAction\":[{\"@type\":\"ReadAction\",\"target\":[\"https:\/\/www.racingfortheclimate.com\/index.php\/impressum\/\"]}]},{\"@type\":\"ImageObject\",\"inLanguage\":\"de\",\"@id\":\"https:\/\/www.racingfortheclimate.com\/index.php\/impressum\/#primaryimage\",\"url\":\"https:\/\/www.racingfortheclimate.com\/wp-content\/uploads\/2025\/05\/IMG_5245.webp\",\"contentUrl\":\"https:\/\/www.racingfortheclimate.com\/wp-content\/uploads\/2025\/05\/IMG_5245.webp\",\"width\":1920,\"height\":1080},{\"@type\":\"BreadcrumbList\",\"@id\":\"https:\/\/www.racingfortheclimate.com\/index.php\/impressum\/#breadcrumb\",\"itemListElement\":[{\"@type\":\"ListItem\",\"position\":1,\"name\":\"Startseite\",\"item\":\"https:\/\/www.racingfortheclimate.com\/\"},{\"@type\":\"ListItem\",\"position\":2,\"name\":\"Impressum\"}]},{\"@type\":\"WebSite\",\"@id\":\"https:\/\/www.racingfortheclimate.com\/#website\",\"url\":\"https:\/\/www.racingfortheclimate.com\/\",\"name\":\"Racing For The Climate e.V.\",\"description\":\"Motorsport als Vorbild\",\"publisher\":{\"@id\":\"https:\/\/www.racingfortheclimate.com\/#organization\"},\"potentialAction\":[{\"@type\":\"SearchAction\",\"target\":{\"@type\":\"EntryPoint\",\"urlTemplate\":\"https:\/\/www.racingfortheclimate.com\/?s={search_term_string}\"},\"query-input\":{\"@type\":\"PropertyValueSpecification\",\"valueRequired\":true,\"valueName\":\"search_term_string\"}}],\"inLanguage\":\"de\"},{\"@type\":\"Organization\",\"@id\":\"https:\/\/www.racingfortheclimate.com\/#organization\",\"name\":\"Racing For The Climate e.V.\",\"url\":\"https:\/\/www.racingfortheclimate.com\/\",\"logo\":{\"@type\":\"ImageObject\",\"inLanguage\":\"de\",\"@id\":\"https:\/\/www.racingfortheclimate.com\/#\/schema\/logo\/image\/\",\"url\":\"https:\/\/www.racingfortheclimate.com\/wp-content\/uploads\/2024\/01\/racingfortheclimate_neg.webp\",\"contentUrl\":\"https:\/\/www.racingfortheclimate.com\/wp-content\/uploads\/2024\/01\/racingfortheclimate_neg.webp\",\"width\":470,\"height\":67,\"caption\":\"Racing For The Climate e.V.\"},\"image\":{\"@id\":\"https:\/\/www.racingfortheclimate.com\/#\/schema\/logo\/image\/\"},\"sameAs\":[\"https:\/\/www.linkedin.com\/company\/racing-for-the-climate\/\"]}]}<\/script>\n<!-- \/ Yoast SEO plugin. -->","yoast_head_json":{"title":"Impressum | Racing For The Climate e.V.","robots":{"index":"index","follow":"follow","max-snippet":"max-snippet:-1","max-image-preview":"max-image-preview:large","max-video-preview":"max-video-preview:-1"},"canonical":"https:\/\/www.racingfortheclimate.com\/index.php\/impressum\/","og_locale":"de_DE","og_type":"article","og_title":"Impressum | Racing For The Climate e.V.","og_description":"Impressum Angaben gem\u00e4\u00df \u00a7 5 TMG Racing for the Climate e.V.Flei\u00dfnerstr. 11eD-04157 Leipzig Vertreten durch den Vorstand: Julius Martin, Bj\u00f6rn Skottke, Thomas Voigt Kontakt: E-Mail: contact@racingfortheclimate.com Registereintrag: Amtsgericht Dresden, VR 13875 Verantwortlich f\u00fcr den Inhalt nach \u00a7 55 Abs. 2 RStV: Julius Martin, Bj\u00f6rn Skottke, Thomas Voigt Haftungsausschluss (Disclaimer) Haftung f\u00fcr Inhalte Als Diensteanbieter sind [&hellip;]","og_url":"https:\/\/www.racingfortheclimate.com\/index.php\/impressum\/","og_site_name":"Racing For The Climate e.V.","article_publisher":"https:\/\/www.linkedin.com\/company\/racing-for-the-climate\/","article_modified_time":"2025-11-15T18:19:35+00:00","og_image":[{"url":"https:\/\/www.racingfortheclimate.com\/wp-content\/uploads\/2025\/05\/IMG_5245.jpg","width":800,"height":450,"type":"image\/jpeg"}],"twitter_card":"summary_large_image","twitter_misc":{"Gesch\u00e4tzte Lesezeit":"3\u00a0Minuten"},"schema":{"@context":"https:\/\/schema.org","@graph":[{"@type":"WebPage","@id":"https:\/\/www.racingfortheclimate.com\/index.php\/impressum\/","url":"https:\/\/www.racingfortheclimate.com\/index.php\/impressum\/","name":"Impressum | Racing For The Climate e.V.","isPartOf":{"@id":"https:\/\/www.racingfortheclimate.com\/#website"},"primaryImageOfPage":{"@id":"https:\/\/www.racingfortheclimate.com\/index.php\/impressum\/#primaryimage"},"image":{"@id":"https:\/\/www.racingfortheclimate.com\/index.php\/impressum\/#primaryimage"},"thumbnailUrl":"https:\/\/www.racingfortheclimate.com\/wp-content\/uploads\/2025\/05\/IMG_5245.webp","datePublished":"2024-06-22T16:25:38+00:00","dateModified":"2025-11-15T18:19:35+00:00","breadcrumb":{"@id":"https:\/\/www.racingfortheclimate.com\/index.php\/impressum\/#breadcrumb"},"inLanguage":"de","potentialAction":[{"@type":"ReadAction","target":["https:\/\/www.racingfortheclimate.com\/index.php\/impressum\/"]}]},{"@type":"ImageObject","inLanguage":"de","@id":"https:\/\/www.racingfortheclimate.com\/index.php\/impressum\/#primaryimage","url":"https:\/\/www.racingfortheclimate.com\/wp-content\/uploads\/2025\/05\/IMG_5245.webp","contentUrl":"https:\/\/www.racingfortheclimate.com\/wp-content\/uploads\/2025\/05\/IMG_5245.webp","width":1920,"height":1080},{"@type":"BreadcrumbList","@id":"https:\/\/www.racingfortheclimate.com\/index.php\/impressum\/#breadcrumb","itemListElement":[{"@type":"ListItem","position":1,"name":"Startseite","item":"https:\/\/www.racingfortheclimate.com\/"},{"@type":"ListItem","position":2,"name":"Impressum"}]},{"@type":"WebSite","@id":"https:\/\/www.racingfortheclimate.com\/#website","url":"https:\/\/www.racingfortheclimate.com\/","name":"Racing For The Climate e.V.","description":"Motorsport als Vorbild","publisher":{"@id":"https:\/\/www.racingfortheclimate.com\/#organization"},"potentialAction":[{"@type":"SearchAction","target":{"@type":"EntryPoint","urlTemplate":"https:\/\/www.racingfortheclimate.com\/?s={search_term_string}"},"query-input":{"@type":"PropertyValueSpecification","valueRequired":true,"valueName":"search_term_string"}}],"inLanguage":"de"},{"@type":"Organization","@id":"https:\/\/www.racingfortheclimate.com\/#organization","name":"Racing For The Climate e.V.","url":"https:\/\/www.racingfortheclimate.com\/","logo":{"@type":"ImageObject","inLanguage":"de","@id":"https:\/\/www.racingfortheclimate.com\/#\/schema\/logo\/image\/","url":"https:\/\/www.racingfortheclimate.com\/wp-content\/uploads\/2024\/01\/racingfortheclimate_neg.webp","contentUrl":"https:\/\/www.racingfortheclimate.com\/wp-content\/uploads\/2024\/01\/racingfortheclimate_neg.webp","width":470,"height":67,"caption":"Racing For The Climate e.V."},"image":{"@id":"https:\/\/www.racingfortheclimate.com\/#\/schema\/logo\/image\/"},"sameAs":["https:\/\/www.linkedin.com\/company\/racing-for-the-climate\/"]}]}},"_links":{"self":[{"href":"https:\/\/www.racingfortheclimate.com\/index.php\/wp-json\/wp\/v2\/pages\/485","targetHints":{"allow":["GET"]}}],"collection":[{"href":"https:\/\/www.racingfortheclimate.com\/index.php\/wp-json\/wp\/v2\/pages"}],"about":[{"href":"https:\/\/www.racingfortheclimate.com\/index.php\/wp-json\/wp\/v2\/types\/page"}],"author":[{"embeddable":true,"href":"https:\/\/www.racingfortheclimate.com\/index.php\/wp-json\/wp\/v2\/users\/1"}],"replies":[{"embeddable":true,"href":"https:\/\/www.racingfortheclimate.com\/index.php\/wp-json\/wp\/v2\/comments?post=485"}],"version-history":[{"count":16,"href":"https:\/\/www.racingfortheclimate.com\/index.php\/wp-json\/wp\/v2\/pages\/485\/revisions"}],"predecessor-version":[{"id":1352,"href":"https:\/\/www.racingfortheclimate.com\/index.php\/wp-json\/wp\/v2\/pages\/485\/revisions\/1352"}],"wp:featuredmedia":[{"embeddable":true,"href":"https:\/\/www.racingfortheclimate.com\/index.php\/wp-json\/wp\/v2\/media\/1194"}],"wp:attachment":[{"href":"https:\/\/www.racingfortheclimate.com\/index.php\/wp-json\/wp\/v2\/media?parent=485"}],"curies":[{"name":"wp","href":"https:\/\/api.w.org\/{rel}","templated":true}]}}